{"id":11558,"date":"2023-04-12T13:46:31","date_gmt":"2023-04-12T11:46:31","guid":{"rendered":"https:\/\/enywear.de\/?post_type=product&#038;p=11558"},"modified":"2025-11-21T10:14:10","modified_gmt":"2025-11-21T08:14:10","slug":"berta-shorts","status":"publish","type":"product","link":"https:\/\/enywear.de\/en\/product\/berta-shorts\/","title":{"rendered":"Shorts Berta"},"content":{"rendered":"<div class=\"wpb-content-wrapper\"><p>[vc_row content_placement=&#8221;middle&#8221; mobile_bg_img_hidden=&#8221;no&#8221; tablet_bg_img_hidden=&#8221;no&#8221; woodmart_parallax=&#8221;0&#8243; woodmart_gradient_switch=&#8221;no&#8221; row_reverse_mobile=&#8221;0&#8243; row_reverse_tablet=&#8221;0&#8243; woodmart_disable_overflow=&#8221;0&#8243;][vc_column width=&#8221;1\/2&#8243;][vc_single_image image=&#8221;8436&#8243; img_size=&#8221;full&#8221; woodmart_inline=&#8221;no&#8221; parallax_scroll=&#8221;no&#8221;][\/vc_column][vc_column width=&#8221;1\/2&#8243;][vc_custom_heading text=&#8221;Materials of the highest quality&#8221;][vc_column_text woodmart_inline=&#8221;no&#8221; text_larger=&#8221;no&#8221;]<\/p>\n<ul>\n<li>\n<div>robuster Hanf-Canvas, Stoffgewicht 400 g\/m2<\/div>\n<\/li>\n<li>\n<div>55% Hanf, 45% Bio-Baumwolle (OCS zertifiziert)<\/div>\n<\/li>\n<li>Taschen f\u00fcr Telefon, 2 Ges\u00e4\u00dftaschen (gef\u00fcttert) mit 1 Patte, 2 gro\u00dfe Eingrifftaschen vorn<\/li>\n<li>Werkzeugtasche extra gef\u00fcttert gegen durchsto\u00dfen<\/li>\n<li>Aufh\u00e4ngeschlaufe (8 cm)<\/li>\n<li>\n<div>bequeme Passform, h\u00f6herer Bund hinten, breiter Saum<\/div>\n<\/li>\n<li>\n<div>plastikfrei* (* bis auf Zipper, Klettband)<\/div>\n<\/li>\n<li>\n<div>hergestellt in China (nachhaltig &amp; fair, SMETA zertifiziert)<\/div>\n<\/li>\n<\/ul>\n<p>[\/vc_column_text][\/vc_column][\/vc_row]<\/p>\n<\/div>","protected":false},"excerpt":{"rendered":"<p>Are you looking for comfortable, cool work trousers, ideally air-conditioning and sustainable? BERTA is your stylish, well-fitting and robust work outfit!<\/p>\n<p>To be on the safe side, also check the size chart; you may need 1 size above your standard size.<\/p>\n","protected":false},"featured_media":35477,"comment_status":"open","ping_status":"closed","template":"","meta":{"_acf_changed":false,"inline_featured_image":false},"product_brand":[],"product_cat":[70,415],"product_tag":[],"class_list":{"0":"post-11558","1":"product","2":"type-product","3":"status-publish","4":"has-post-thumbnail","6":"product_cat-women","7":"product_cat-womens-pants","9":"first","10":"instock","11":"featured","12":"taxable","13":"shipping-taxable","14":"purchasable","15":"product-type-variable","16":"has-default-attributes"},"acf":[],"yoast_head":"<!-- This site is optimized with the Yoast SEO plugin v27.3 - https:\/\/yoast.com\/product\/yoast-seo-wordpress\/ -->\n<title>Buy exclusively Berta women&#039;s waistband trousers | Best sustainable work trousers made of hemp for women | Enywear<\/title>\n<meta name=\"description\" content=\"Buy Berta women&#039;s waistband trousers online for \u20ac120.00. Take a look at Berta women&#039;s workwear trousers made from hemp and organic cotton. Only High quality &amp; fully sustainble Products at Enywear.\" \/>\n<meta name=\"robots\" content=\"index, follow, max-snippet:-1, max-image-preview:large, max-video-preview:-1\" \/>\n<link rel=\"canonical\" href=\"https:\/\/enywear.de\/en\/product\/berta-shorts\/\" \/>\n<meta property=\"og:locale\" content=\"en_US\" \/>\n<meta property=\"og:type\" content=\"article\" \/>\n<meta property=\"og:title\" content=\"Buy exclusively Berta women&#039;s waistband trousers | Best sustainable work trousers made of hemp for women | Enywear\" \/>\n<meta property=\"og:description\" content=\"Buy Berta women&#039;s waistband trousers online for \u20ac120.00. Take a look at Berta women&#039;s workwear trousers made from hemp and organic cotton. Only High quality &amp; fully sustainble Products at Enywear.\" \/>\n<meta property=\"og:url\" content=\"https:\/\/enywear.de\/en\/product\/berta-shorts\/\" \/>\n<meta property=\"og:site_name\" content=\"Enywear\" \/>\n<meta property=\"article:modified_time\" content=\"2025-11-21T08:14:10+00:00\" \/>\n<meta property=\"og:image\" content=\"https:\/\/enywear.de\/wp-content\/uploads\/2025\/11\/Berta.Shorts.F.navy_.650.png\" \/>\n\t<meta property=\"og:image:width\" content=\"650\" \/>\n\t<meta property=\"og:image:height\" content=\"650\" \/>\n\t<meta property=\"og:image:type\" content=\"image\/png\" \/>\n<meta name=\"twitter:card\" content=\"summary_large_image\" \/>\n<meta name=\"twitter:label1\" content=\"Est. reading time\" \/>\n\t<meta name=\"twitter:data1\" content=\"1 minute\" \/>\n<!-- \/ Yoast SEO plugin. -->","yoast_head_json":{"title":"Buy exclusively Berta women's waistband trousers | Best sustainable work trousers made of hemp for women | Enywear","description":"Buy Berta women's waistband trousers online for \u20ac120.00. Take a look at Berta women's workwear trousers made from hemp and organic cotton. Only High quality & fully sustainble Products at Enywear.","robots":{"index":"index","follow":"follow","max-snippet":"max-snippet:-1","max-image-preview":"max-image-preview:large","max-video-preview":"max-video-preview:-1"},"canonical":"https:\/\/enywear.de\/en\/product\/berta-shorts\/","og_locale":"en_US","og_type":"article","og_title":"Buy exclusively Berta women's waistband trousers | Best sustainable work trousers made of hemp for women | Enywear","og_description":"Buy Berta women's waistband trousers online for \u20ac120.00. Take a look at Berta women's workwear trousers made from hemp and organic cotton. Only High quality & fully sustainble Products at Enywear.","og_url":"https:\/\/enywear.de\/en\/product\/berta-shorts\/","og_site_name":"Enywear","article_modified_time":"2025-11-21T08:14:10+00:00","og_image":[{"width":650,"height":650,"url":"https:\/\/enywear.de\/wp-content\/uploads\/2025\/11\/Berta.Shorts.F.navy_.650.png","type":"image\/png"}],"twitter_card":"summary_large_image","twitter_misc":{"Est. reading time":"1 minute"},"schema":{"@context":"https:\/\/schema.org","@graph":[{"@type":"WebPage","@id":"https:\/\/enywear.de\/en\/product\/berta-shorts\/","url":"https:\/\/enywear.de\/en\/product\/berta-shorts\/","name":"Buy exclusively Berta women's waistband trousers | Best sustainable work trousers made of hemp for women | Enywear","isPartOf":{"@id":"https:\/\/enywear.de\/en\/#website"},"primaryImageOfPage":{"@id":"https:\/\/enywear.de\/en\/product\/berta-shorts\/#primaryimage"},"image":{"@id":"https:\/\/enywear.de\/en\/product\/berta-shorts\/#primaryimage"},"thumbnailUrl":"https:\/\/enywear.de\/wp-content\/uploads\/2025\/11\/Berta.Shorts.F.navy_.650.png","datePublished":"2023-04-12T11:46:31+00:00","dateModified":"2025-11-21T08:14:10+00:00","description":"Buy Berta women's waistband trousers online for \u20ac120.00. Take a look at Berta women's workwear trousers made from hemp and organic cotton. Only High quality & fully sustainble Products at Enywear.","breadcrumb":{"@id":"https:\/\/enywear.de\/en\/product\/berta-shorts\/#breadcrumb"},"inLanguage":"en-US","potentialAction":[{"@type":"ReadAction","target":["https:\/\/enywear.de\/en\/product\/berta-shorts\/"]}]},{"@type":"ImageObject","inLanguage":"en-US","@id":"https:\/\/enywear.de\/en\/product\/berta-shorts\/#primaryimage","url":"https:\/\/enywear.de\/wp-content\/uploads\/2025\/11\/Berta.Shorts.F.navy_.650.png","contentUrl":"https:\/\/enywear.de\/wp-content\/uploads\/2025\/11\/Berta.Shorts.F.navy_.650.png","width":650,"height":650,"caption":"Shorts Berta 1"},{"@type":"BreadcrumbList","@id":"https:\/\/enywear.de\/en\/product\/berta-shorts\/#breadcrumb","itemListElement":[{"@type":"ListItem","position":1,"name":"Home","item":"https:\/\/enywear.de\/en\/"},{"@type":"ListItem","position":2,"name":"Shop","item":"https:\/\/enywear.de\/en\/shop\/"},{"@type":"ListItem","position":3,"name":"Shorts Berta"}]},{"@type":"WebSite","@id":"https:\/\/enywear.de\/en\/#website","url":"https:\/\/enywear.de\/en\/","name":"Enywear","description":"","potentialAction":[{"@type":"SearchAction","target":{"@type":"EntryPoint","urlTemplate":"https:\/\/enywear.de\/en\/?s={search_term_string}"},"query-input":{"@type":"PropertyValueSpecification","valueRequired":true,"valueName":"search_term_string"}}],"inLanguage":"en-US"}]}},"_links":{"self":[{"href":"https:\/\/enywear.de\/en\/wp-json\/wp\/v2\/product\/11558","targetHints":{"allow":["GET"]}}],"collection":[{"href":"https:\/\/enywear.de\/en\/wp-json\/wp\/v2\/product"}],"about":[{"href":"https:\/\/enywear.de\/en\/wp-json\/wp\/v2\/types\/product"}],"replies":[{"embeddable":true,"href":"https:\/\/enywear.de\/en\/wp-json\/wp\/v2\/comments?post=11558"}],"wp:featuredmedia":[{"embeddable":true,"href":"https:\/\/enywear.de\/en\/wp-json\/wp\/v2\/media\/35477"}],"wp:attachment":[{"href":"https:\/\/enywear.de\/en\/wp-json\/wp\/v2\/media?parent=11558"}],"wp:term":[{"taxonomy":"product_brand","embeddable":true,"href":"https:\/\/enywear.de\/en\/wp-json\/wp\/v2\/product_brand?post=11558"},{"taxonomy":"product_cat","embeddable":true,"href":"https:\/\/enywear.de\/en\/wp-json\/wp\/v2\/product_cat?post=11558"},{"taxonomy":"product_tag","embeddable":true,"href":"https:\/\/enywear.de\/en\/wp-json\/wp\/v2\/product_tag?post=11558"}],"curies":[{"name":"wp","href":"https:\/\/api.w.org\/{rel}","templated":true}]}}